{"id":137,"date":"2023-05-16T14:01:17","date_gmt":"2023-05-16T12:01:17","guid":{"rendered":"https:\/\/elysees.ms2.decms.eu\/page-d-exemple\/"},"modified":"2024-10-14T15:51:14","modified_gmt":"2024-10-14T13:51:14","slug":"page-d-exemple","status":"publish","type":"page","link":"https:\/\/www.plazaelysees.com\/en\/","title":{"rendered":"Your charming hotel near the Champs-\u00c9lys\u00e9es"},"content":{"rendered":"<p><span lang=\"en-US\">Boulevard Haussmann is the capital&#8217;s nerve center, and this emblematic street is best known for its department stores and remarkable architecture. Next door to the Champs-\u00c9lys\u00e9es, Parc Monceau and the Arc de Triomphe, it is the symbol of a resolutely young and active Paris. Our 4-star hotel in Paris&#8217;s 8th arrondissement is located in this lively, luxurious district. <\/span><\/p>\n<p><span lang=\"en-US\">The building that now hosts our 41 rooms is a symbol of Parisian style par excellence. The Plaza Elys\u00e9es is located in a beautiful Haussmann-style building.<\/span><\/p>\n<p><span lang=\"en-US\">Built in 1874, then completely renovated in 2023, this charming hotel offers its guests an unbeatable location and a breathtaking view of some of the city&#8217;s most beautiful monuments!<\/span><\/p>\n<h2>A charming hotel in the vibrant heart of Paris&#8217;s 8th arrondissement<\/h2>\n<p><span lang=\"en-US\">The 8th arrondissement has everything to make your stay at the Plaza Elys\u00e9es an unforgettable one! It&#8217;s a neighborhood that combines a vibrant energy with its grand boulevards: Galeries Lafayette and Printemps boutiques are must-sees for fashion lovers. It&#8217;s also here that tourists from all over the world flock to see the \u201cmost beautiful avenue in the world\u201d: the Champs \u00c9lys\u00e9es. <\/span><\/p>\n<p><span lang=\"en-US\">Walk from your hotel room to discover the elegant Rue du Faubourg Saint Honor\u00e9, explore the Palais Garnier and stroll through the lanes of Parc Monceau. Whether you&#8217;re a shopper in search of the latest trends, or a gourmet in search of the city&#8217;s best restaurant, the 8th arrondissement is sure to please! <\/span><\/p>\n<p><span lang=\"en-US\">Come and live to the rhythm of Paris in one of our rooms just a stone&#8217;s throw from the Champs-\u00c9lys\u00e9es! <\/span><\/p>\n","protected":false},"excerpt":{"rendered":"<p>Boulevard Haussmann is the capital&#8217;s nerve center, and this emblematic street is best known for its department stores and remarkable architecture. Next door to the Champs-\u00c9lys\u00e9es, Parc Monceau and the Arc de Triomphe, it is the symbol of a resolutely young and active Paris. Our 4-star hotel in Paris&#8217;s 8th arrondissement is located in this [&hellip;]<\/p>\n","protected":false},"author":16,"featured_media":0,"parent":0,"menu_order":10,"comment_status":"closed","ping_status":"closed","template":"","meta":{"footnotes":""},"yoast_head":"<!-- This site is optimized with the Yoast SEO plugin v22.3 - https:\/\/yoast.com\/wordpress\/plugins\/seo\/ -->\n<title>Luxury 4 star hotel Paris 8 - Boutique hotel | Plaza Elys\u00e9es Paris<\/title>\n<meta name=\"description\" content=\"Discover the boutique-hotel Plaza Elys\u00e9es in Paris 8. enjoy the 4-star services of our luxury hotel, on Bvd Haussmann, close to the Champs-Elys\u00e9es, the Opera and the Eiffel Tower.\" \/>\n<meta name=\"robots\" content=\"index, follow, max-snippet:-1, max-image-preview:large, max-video-preview:-1\" \/>\n<link rel=\"canonical\" href=\"https:\/\/www.plazaelysees.com\/en\/\" \/>\n<meta property=\"og:locale\" content=\"en_US\" \/>\n<meta property=\"og:type\" content=\"article\" \/>\n<meta property=\"og:title\" content=\"Luxury 4 star hotel Paris 8 - Boutique hotel | Plaza Elys\u00e9es Paris\" \/>\n<meta property=\"og:description\" content=\"Discover the boutique-hotel Plaza Elys\u00e9es in Paris 8. enjoy the 4-star services of our luxury hotel, on Bvd Haussmann, close to the Champs-Elys\u00e9es, the Opera and the Eiffel Tower.\" \/>\n<meta property=\"og:url\" content=\"https:\/\/www.plazaelysees.com\/en\/\" \/>\n<meta property=\"og:site_name\" content=\"Plaza Elys\u00e9es\" \/>\n<meta property=\"article:modified_time\" content=\"2024-10-14T13:51:14+00:00\" \/>\n<meta name=\"twitter:card\" content=\"summary_large_image\" \/>\n<meta name=\"twitter:label1\" content=\"Est. reading time\" \/>\n\t<meta name=\"twitter:data1\" content=\"2 minutes\" \/>\n<script type=\"application\/ld+json\" class=\"yoast-schema-graph\">{\"@context\":\"https:\/\/schema.org\",\"@graph\":[{\"@type\":\"WebPage\",\"@id\":\"https:\/\/www.plazaelysees.com\/en\/\",\"url\":\"https:\/\/www.plazaelysees.com\/en\/\",\"name\":\"Luxury 4 star hotel Paris 8 - Boutique hotel | Plaza Elys\u00e9es Paris\",\"isPartOf\":{\"@id\":\"https:\/\/www.plazaelysees.com\/en\/#website\"},\"datePublished\":\"2023-05-16T12:01:17+00:00\",\"dateModified\":\"2024-10-14T13:51:14+00:00\",\"description\":\"Discover the boutique-hotel Plaza Elys\u00e9es in Paris 8. enjoy the 4-star services of our luxury hotel, on Bvd Haussmann, close to the Champs-Elys\u00e9es, the Opera and the Eiffel Tower.\",\"breadcrumb\":{\"@id\":\"https:\/\/www.plazaelysees.com\/en\/#breadcrumb\"},\"inLanguage\":\"en-US\",\"potentialAction\":[{\"@type\":\"ReadAction\",\"target\":[\"https:\/\/www.plazaelysees.com\/en\/\"]}]},{\"@type\":\"BreadcrumbList\",\"@id\":\"https:\/\/www.plazaelysees.com\/en\/#breadcrumb\",\"itemListElement\":[{\"@type\":\"ListItem\",\"position\":1,\"name\":\"Accueil\",\"item\":\"https:\/\/www.plazaelysees.com\/en\/\"},{\"@type\":\"ListItem\",\"position\":2,\"name\":\"Your charming hotel near the Champs-\u00c9lys\u00e9es\"}]},{\"@type\":\"WebSite\",\"@id\":\"https:\/\/www.plazaelysees.com\/en\/#website\",\"url\":\"https:\/\/www.plazaelysees.com\/en\/\",\"name\":\"Plaza Elys\u00e9es\",\"description\":\"\",\"potentialAction\":[{\"@type\":\"SearchAction\",\"target\":{\"@type\":\"EntryPoint\",\"urlTemplate\":\"https:\/\/www.plazaelysees.com\/en\/?s={search_term_string}\"},\"query-input\":\"required name=search_term_string\"}],\"inLanguage\":\"en-US\"}]}<\/script>\n<!-- \/ Yoast SEO plugin. -->","yoast_head_json":{"title":"Luxury 4 star hotel Paris 8 - Boutique hotel | Plaza Elys\u00e9es Paris","description":"Discover the boutique-hotel Plaza Elys\u00e9es in Paris 8. enjoy the 4-star services of our luxury hotel, on Bvd Haussmann, close to the Champs-Elys\u00e9es, the Opera and the Eiffel Tower.","robots":{"index":"index","follow":"follow","max-snippet":"max-snippet:-1","max-image-preview":"max-image-preview:large","max-video-preview":"max-video-preview:-1"},"canonical":"https:\/\/www.plazaelysees.com\/en\/","og_locale":"en_US","og_type":"article","og_title":"Luxury 4 star hotel Paris 8 - Boutique hotel | Plaza Elys\u00e9es Paris","og_description":"Discover the boutique-hotel Plaza Elys\u00e9es in Paris 8. enjoy the 4-star services of our luxury hotel, on Bvd Haussmann, close to the Champs-Elys\u00e9es, the Opera and the Eiffel Tower.","og_url":"https:\/\/www.plazaelysees.com\/en\/","og_site_name":"Plaza Elys\u00e9es","article_modified_time":"2024-10-14T13:51:14+00:00","twitter_card":"summary_large_image","twitter_misc":{"Est. reading time":"2 minutes"},"schema":{"@context":"https:\/\/schema.org","@graph":[{"@type":"WebPage","@id":"https:\/\/www.plazaelysees.com\/en\/","url":"https:\/\/www.plazaelysees.com\/en\/","name":"Luxury 4 star hotel Paris 8 - Boutique hotel | Plaza Elys\u00e9es Paris","isPartOf":{"@id":"https:\/\/www.plazaelysees.com\/en\/#website"},"datePublished":"2023-05-16T12:01:17+00:00","dateModified":"2024-10-14T13:51:14+00:00","description":"Discover the boutique-hotel Plaza Elys\u00e9es in Paris 8. enjoy the 4-star services of our luxury hotel, on Bvd Haussmann, close to the Champs-Elys\u00e9es, the Opera and the Eiffel Tower.","breadcrumb":{"@id":"https:\/\/www.plazaelysees.com\/en\/#breadcrumb"},"inLanguage":"en-US","potentialAction":[{"@type":"ReadAction","target":["https:\/\/www.plazaelysees.com\/en\/"]}]},{"@type":"BreadcrumbList","@id":"https:\/\/www.plazaelysees.com\/en\/#breadcrumb","itemListElement":[{"@type":"ListItem","position":1,"name":"Accueil","item":"https:\/\/www.plazaelysees.com\/en\/"},{"@type":"ListItem","position":2,"name":"Your charming hotel near the Champs-\u00c9lys\u00e9es"}]},{"@type":"WebSite","@id":"https:\/\/www.plazaelysees.com\/en\/#website","url":"https:\/\/www.plazaelysees.com\/en\/","name":"Plaza Elys\u00e9es","description":"","potentialAction":[{"@type":"SearchAction","target":{"@type":"EntryPoint","urlTemplate":"https:\/\/www.plazaelysees.com\/en\/?s={search_term_string}"},"query-input":"required name=search_term_string"}],"inLanguage":"en-US"}]}},"acf":[],"_links":{"self":[{"href":"https:\/\/www.plazaelysees.com\/en\/wp-json\/wp\/v2\/pages\/137"}],"collection":[{"href":"https:\/\/www.plazaelysees.com\/en\/wp-json\/wp\/v2\/pages"}],"about":[{"href":"https:\/\/www.plazaelysees.com\/en\/wp-json\/wp\/v2\/types\/page"}],"author":[{"embeddable":true,"href":"https:\/\/www.plazaelysees.com\/en\/wp-json\/wp\/v2\/users\/16"}],"replies":[{"embeddable":true,"href":"https:\/\/www.plazaelysees.com\/en\/wp-json\/wp\/v2\/comments?post=137"}],"version-history":[{"count":0,"href":"https:\/\/www.plazaelysees.com\/en\/wp-json\/wp\/v2\/pages\/137\/revisions"}],"wp:attachment":[{"href":"https:\/\/www.plazaelysees.com\/en\/wp-json\/wp\/v2\/media?parent=137"}],"curies":[{"name":"wp","href":"https:\/\/api.w.org\/{rel}","templated":true}]}}