{"id":201,"date":"2023-05-16T14:27:09","date_gmt":"2023-05-16T12:27:09","guid":{"rendered":"https:\/\/elysees.ms2.decms.eu\/paris\/"},"modified":"2023-12-12T14:51:46","modified_gmt":"2023-12-12T13:51:46","slug":"que-visitar-en-paris","status":"publish","type":"page","link":"https:\/\/www.plazaelysees.com\/es\/que-visitar-en-paris\/","title":{"rendered":"Centro de Par\u00eds y alrededores"},"content":{"rendered":"<p style=\"text-align: center;\">El hotel puede reservar excursiones as\u00ed como restaurantes, para ello contacte con Recepci\u00f3n. Durante su estancia en el Hotel Plaza Elys\u00e9es, est\u00e1 situado cerca de la mayor\u00eda de los monumentos de Par\u00eds. A continuaci\u00f3n encontrar\u00e1 una selecci\u00f3n:<\/p>\n","protected":false},"excerpt":{"rendered":"<p>El hotel puede reservar excursiones as\u00ed como restaurantes, para ello contacte con Recepci\u00f3n. Durante su estancia en el Hotel Plaza Elys\u00e9es, est\u00e1 situado cerca de la mayor\u00eda de los monumentos de Par\u00eds. A continuaci\u00f3n encontrar\u00e1 una selecci\u00f3n:<\/p>\n","protected":false},"author":16,"featured_media":0,"parent":0,"menu_order":40,"comment_status":"closed","ping_status":"closed","template":"template-surroundings.php","meta":{"footnotes":""},"class_list":["post-201","page","type-page","status-publish","hentry"],"yoast_head":"<!-- This site is optimized with the Yoast SEO plugin v27.3 - https:\/\/yoast.com\/product\/yoast-seo-wordpress\/ -->\n<title>Hoteles centricos 4 estrellas en Par\u00eds | Plaza Elys\u00e9es Par\u00eds<\/title>\n<meta name=\"description\" content=\"Bienvenido al Hotel Plaza Elys\u00e9es, con su encanto y su lujo, cerca del centro de Par\u00eds y en el coraz\u00f3n de las atracciones tur\u00edsticas de la capital.\" \/>\n<meta name=\"robots\" content=\"index, follow, max-snippet:-1, max-image-preview:large, max-video-preview:-1\" \/>\n<link rel=\"canonical\" href=\"https:\/\/www.plazaelysees.com\/es\/que-visitar-en-paris\/\" \/>\n<meta property=\"og:locale\" content=\"es_ES\" \/>\n<meta property=\"og:type\" content=\"article\" \/>\n<meta property=\"og:title\" content=\"Hoteles centricos 4 estrellas en Par\u00eds | Plaza Elys\u00e9es Par\u00eds\" \/>\n<meta property=\"og:description\" content=\"Bienvenido al Hotel Plaza Elys\u00e9es, con su encanto y su lujo, cerca del centro de Par\u00eds y en el coraz\u00f3n de las atracciones tur\u00edsticas de la capital.\" \/>\n<meta property=\"og:url\" content=\"https:\/\/www.plazaelysees.com\/es\/que-visitar-en-paris\/\" \/>\n<meta property=\"og:site_name\" content=\"Plaza Elys\u00e9es\" \/>\n<meta property=\"article:modified_time\" content=\"2023-12-12T13:51:46+00:00\" \/>\n<meta name=\"twitter:card\" content=\"summary_large_image\" \/>\n<meta name=\"twitter:label1\" content=\"Tiempo de lectura\" \/>\n\t<meta name=\"twitter:data1\" content=\"1 minuto\" \/>\n<script type=\"application\/ld+json\" class=\"yoast-schema-graph\">{\"@context\":\"https:\\\/\\\/schema.org\",\"@graph\":[{\"@type\":\"WebPage\",\"@id\":\"https:\\\/\\\/www.plazaelysees.com\\\/es\\\/que-visitar-en-paris\\\/\",\"url\":\"https:\\\/\\\/www.plazaelysees.com\\\/es\\\/que-visitar-en-paris\\\/\",\"name\":\"Hoteles centricos 4 estrellas en Par\u00eds | Plaza Elys\u00e9es Par\u00eds\",\"isPartOf\":{\"@id\":\"https:\\\/\\\/www.plazaelysees.com\\\/es\\\/#website\"},\"datePublished\":\"2023-05-16T12:27:09+00:00\",\"dateModified\":\"2023-12-12T13:51:46+00:00\",\"description\":\"Bienvenido al Hotel Plaza Elys\u00e9es, con su encanto y su lujo, cerca del centro de Par\u00eds y en el coraz\u00f3n de las atracciones tur\u00edsticas de la capital.\",\"breadcrumb\":{\"@id\":\"https:\\\/\\\/www.plazaelysees.com\\\/es\\\/que-visitar-en-paris\\\/#breadcrumb\"},\"inLanguage\":\"es\",\"potentialAction\":[{\"@type\":\"ReadAction\",\"target\":[\"https:\\\/\\\/www.plazaelysees.com\\\/es\\\/que-visitar-en-paris\\\/\"]}]},{\"@type\":\"BreadcrumbList\",\"@id\":\"https:\\\/\\\/www.plazaelysees.com\\\/es\\\/que-visitar-en-paris\\\/#breadcrumb\",\"itemListElement\":[{\"@type\":\"ListItem\",\"position\":1,\"name\":\"Accueil\",\"item\":\"https:\\\/\\\/www.plazaelysees.com\\\/es\\\/\"},{\"@type\":\"ListItem\",\"position\":2,\"name\":\"Centro de Par\u00eds y alrededores\"}]},{\"@type\":\"WebSite\",\"@id\":\"https:\\\/\\\/www.plazaelysees.com\\\/es\\\/#website\",\"url\":\"https:\\\/\\\/www.plazaelysees.com\\\/es\\\/\",\"name\":\"Plaza Elys\u00e9es\",\"description\":\"\",\"potentialAction\":[{\"@type\":\"SearchAction\",\"target\":{\"@type\":\"EntryPoint\",\"urlTemplate\":\"https:\\\/\\\/www.plazaelysees.com\\\/es\\\/?s={search_term_string}\"},\"query-input\":{\"@type\":\"PropertyValueSpecification\",\"valueRequired\":true,\"valueName\":\"search_term_string\"}}],\"inLanguage\":\"es\"}]}<\/script>\n<!-- \/ Yoast SEO plugin. -->","yoast_head_json":{"title":"Hoteles centricos 4 estrellas en Par\u00eds | Plaza Elys\u00e9es Par\u00eds","description":"Bienvenido al Hotel Plaza Elys\u00e9es, con su encanto y su lujo, cerca del centro de Par\u00eds y en el coraz\u00f3n de las atracciones tur\u00edsticas de la capital.","robots":{"index":"index","follow":"follow","max-snippet":"max-snippet:-1","max-image-preview":"max-image-preview:large","max-video-preview":"max-video-preview:-1"},"canonical":"https:\/\/www.plazaelysees.com\/es\/que-visitar-en-paris\/","og_locale":"es_ES","og_type":"article","og_title":"Hoteles centricos 4 estrellas en Par\u00eds | Plaza Elys\u00e9es Par\u00eds","og_description":"Bienvenido al Hotel Plaza Elys\u00e9es, con su encanto y su lujo, cerca del centro de Par\u00eds y en el coraz\u00f3n de las atracciones tur\u00edsticas de la capital.","og_url":"https:\/\/www.plazaelysees.com\/es\/que-visitar-en-paris\/","og_site_name":"Plaza Elys\u00e9es","article_modified_time":"2023-12-12T13:51:46+00:00","twitter_card":"summary_large_image","twitter_misc":{"Tiempo de lectura":"1 minuto"},"schema":{"@context":"https:\/\/schema.org","@graph":[{"@type":"WebPage","@id":"https:\/\/www.plazaelysees.com\/es\/que-visitar-en-paris\/","url":"https:\/\/www.plazaelysees.com\/es\/que-visitar-en-paris\/","name":"Hoteles centricos 4 estrellas en Par\u00eds | Plaza Elys\u00e9es Par\u00eds","isPartOf":{"@id":"https:\/\/www.plazaelysees.com\/es\/#website"},"datePublished":"2023-05-16T12:27:09+00:00","dateModified":"2023-12-12T13:51:46+00:00","description":"Bienvenido al Hotel Plaza Elys\u00e9es, con su encanto y su lujo, cerca del centro de Par\u00eds y en el coraz\u00f3n de las atracciones tur\u00edsticas de la capital.","breadcrumb":{"@id":"https:\/\/www.plazaelysees.com\/es\/que-visitar-en-paris\/#breadcrumb"},"inLanguage":"es","potentialAction":[{"@type":"ReadAction","target":["https:\/\/www.plazaelysees.com\/es\/que-visitar-en-paris\/"]}]},{"@type":"BreadcrumbList","@id":"https:\/\/www.plazaelysees.com\/es\/que-visitar-en-paris\/#breadcrumb","itemListElement":[{"@type":"ListItem","position":1,"name":"Accueil","item":"https:\/\/www.plazaelysees.com\/es\/"},{"@type":"ListItem","position":2,"name":"Centro de Par\u00eds y alrededores"}]},{"@type":"WebSite","@id":"https:\/\/www.plazaelysees.com\/es\/#website","url":"https:\/\/www.plazaelysees.com\/es\/","name":"Plaza Elys\u00e9es","description":"","potentialAction":[{"@type":"SearchAction","target":{"@type":"EntryPoint","urlTemplate":"https:\/\/www.plazaelysees.com\/es\/?s={search_term_string}"},"query-input":{"@type":"PropertyValueSpecification","valueRequired":true,"valueName":"search_term_string"}}],"inLanguage":"es"}]}},"acf":[],"_links":{"self":[{"href":"https:\/\/www.plazaelysees.com\/es\/wp-json\/wp\/v2\/pages\/201","targetHints":{"allow":["GET"]}}],"collection":[{"href":"https:\/\/www.plazaelysees.com\/es\/wp-json\/wp\/v2\/pages"}],"about":[{"href":"https:\/\/www.plazaelysees.com\/es\/wp-json\/wp\/v2\/types\/page"}],"author":[{"embeddable":true,"href":"https:\/\/www.plazaelysees.com\/es\/wp-json\/wp\/v2\/users\/16"}],"replies":[{"embeddable":true,"href":"https:\/\/www.plazaelysees.com\/es\/wp-json\/wp\/v2\/comments?post=201"}],"version-history":[{"count":0,"href":"https:\/\/www.plazaelysees.com\/es\/wp-json\/wp\/v2\/pages\/201\/revisions"}],"wp:attachment":[{"href":"https:\/\/www.plazaelysees.com\/es\/wp-json\/wp\/v2\/media?parent=201"}],"curies":[{"name":"wp","href":"https:\/\/api.w.org\/{rel}","templated":true}]}}