{"id":209,"date":"2023-05-16T14:35:55","date_gmt":"2023-05-16T12:35:55","guid":{"rendered":"https:\/\/elysees.ms2.decms.eu\/plan-du-site\/"},"modified":"2023-12-12T16:47:50","modified_gmt":"2023-12-12T15:47:50","slug":"mapa-web","status":"publish","type":"page","link":"https:\/\/www.plazaelysees.com\/es\/mapa-web\/","title":{"rendered":"Mapa Web"},"content":{"rendered":"","protected":false},"excerpt":{"rendered":"","protected":false},"author":16,"featured_media":0,"parent":0,"menu_order":120,"comment_status":"closed","ping_status":"closed","template":"template-sitemap.php","meta":{"footnotes":""},"class_list":["post-209","page","type-page","status-publish","hentry"],"yoast_head":"<!-- This site is optimized with the Yoast SEO plugin v27.3 - https:\/\/yoast.com\/product\/yoast-seo-wordpress\/ -->\n<title>Mapa web | Hotel Plaza Elys\u00e9es Par\u00eds<\/title>\n<meta name=\"description\" content=\"Encuentre aqu\u00ed la Mapa Web del Hotel 4 estrellas Plaza Elys\u00e9es Par\u00eds.\" \/>\n<meta name=\"robots\" content=\"index, follow, max-snippet:-1, max-image-preview:large, max-video-preview:-1\" \/>\n<link rel=\"canonical\" href=\"https:\/\/www.plazaelysees.com\/es\/mapa-web\/\" \/>\n<meta property=\"og:locale\" content=\"es_ES\" \/>\n<meta property=\"og:type\" content=\"article\" \/>\n<meta property=\"og:title\" content=\"Mapa web | Hotel Plaza Elys\u00e9es Par\u00eds\" \/>\n<meta property=\"og:description\" content=\"Encuentre aqu\u00ed la Mapa Web del Hotel 4 estrellas Plaza Elys\u00e9es Par\u00eds.\" \/>\n<meta property=\"og:url\" content=\"https:\/\/www.plazaelysees.com\/es\/mapa-web\/\" \/>\n<meta property=\"og:site_name\" content=\"Plaza Elys\u00e9es\" \/>\n<meta property=\"article:modified_time\" content=\"2023-12-12T15:47:50+00:00\" \/>\n<meta name=\"twitter:card\" content=\"summary_large_image\" \/>\n<script type=\"application\/ld+json\" class=\"yoast-schema-graph\">{\"@context\":\"https:\\\/\\\/schema.org\",\"@graph\":[{\"@type\":\"WebPage\",\"@id\":\"https:\\\/\\\/www.plazaelysees.com\\\/es\\\/mapa-web\\\/\",\"url\":\"https:\\\/\\\/www.plazaelysees.com\\\/es\\\/mapa-web\\\/\",\"name\":\"Mapa web | Hotel Plaza Elys\u00e9es Par\u00eds\",\"isPartOf\":{\"@id\":\"https:\\\/\\\/www.plazaelysees.com\\\/es\\\/#website\"},\"datePublished\":\"2023-05-16T12:35:55+00:00\",\"dateModified\":\"2023-12-12T15:47:50+00:00\",\"description\":\"Encuentre aqu\u00ed la Mapa Web del Hotel 4 estrellas Plaza Elys\u00e9es Par\u00eds.\",\"breadcrumb\":{\"@id\":\"https:\\\/\\\/www.plazaelysees.com\\\/es\\\/mapa-web\\\/#breadcrumb\"},\"inLanguage\":\"es\",\"potentialAction\":[{\"@type\":\"ReadAction\",\"target\":[\"https:\\\/\\\/www.plazaelysees.com\\\/es\\\/mapa-web\\\/\"]}]},{\"@type\":\"BreadcrumbList\",\"@id\":\"https:\\\/\\\/www.plazaelysees.com\\\/es\\\/mapa-web\\\/#breadcrumb\",\"itemListElement\":[{\"@type\":\"ListItem\",\"position\":1,\"name\":\"Accueil\",\"item\":\"https:\\\/\\\/www.plazaelysees.com\\\/es\\\/\"},{\"@type\":\"ListItem\",\"position\":2,\"name\":\"Mapa Web\"}]},{\"@type\":\"WebSite\",\"@id\":\"https:\\\/\\\/www.plazaelysees.com\\\/es\\\/#website\",\"url\":\"https:\\\/\\\/www.plazaelysees.com\\\/es\\\/\",\"name\":\"Plaza Elys\u00e9es\",\"description\":\"\",\"potentialAction\":[{\"@type\":\"SearchAction\",\"target\":{\"@type\":\"EntryPoint\",\"urlTemplate\":\"https:\\\/\\\/www.plazaelysees.com\\\/es\\\/?s={search_term_string}\"},\"query-input\":{\"@type\":\"PropertyValueSpecification\",\"valueRequired\":true,\"valueName\":\"search_term_string\"}}],\"inLanguage\":\"es\"}]}<\/script>\n<!-- \/ Yoast SEO plugin. -->","yoast_head_json":{"title":"Mapa web | Hotel Plaza Elys\u00e9es Par\u00eds","description":"Encuentre aqu\u00ed la Mapa Web del Hotel 4 estrellas Plaza Elys\u00e9es Par\u00eds.","robots":{"index":"index","follow":"follow","max-snippet":"max-snippet:-1","max-image-preview":"max-image-preview:large","max-video-preview":"max-video-preview:-1"},"canonical":"https:\/\/www.plazaelysees.com\/es\/mapa-web\/","og_locale":"es_ES","og_type":"article","og_title":"Mapa web | Hotel Plaza Elys\u00e9es Par\u00eds","og_description":"Encuentre aqu\u00ed la Mapa Web del Hotel 4 estrellas Plaza Elys\u00e9es Par\u00eds.","og_url":"https:\/\/www.plazaelysees.com\/es\/mapa-web\/","og_site_name":"Plaza Elys\u00e9es","article_modified_time":"2023-12-12T15:47:50+00:00","twitter_card":"summary_large_image","schema":{"@context":"https:\/\/schema.org","@graph":[{"@type":"WebPage","@id":"https:\/\/www.plazaelysees.com\/es\/mapa-web\/","url":"https:\/\/www.plazaelysees.com\/es\/mapa-web\/","name":"Mapa web | Hotel Plaza Elys\u00e9es Par\u00eds","isPartOf":{"@id":"https:\/\/www.plazaelysees.com\/es\/#website"},"datePublished":"2023-05-16T12:35:55+00:00","dateModified":"2023-12-12T15:47:50+00:00","description":"Encuentre aqu\u00ed la Mapa Web del Hotel 4 estrellas Plaza Elys\u00e9es Par\u00eds.","breadcrumb":{"@id":"https:\/\/www.plazaelysees.com\/es\/mapa-web\/#breadcrumb"},"inLanguage":"es","potentialAction":[{"@type":"ReadAction","target":["https:\/\/www.plazaelysees.com\/es\/mapa-web\/"]}]},{"@type":"BreadcrumbList","@id":"https:\/\/www.plazaelysees.com\/es\/mapa-web\/#breadcrumb","itemListElement":[{"@type":"ListItem","position":1,"name":"Accueil","item":"https:\/\/www.plazaelysees.com\/es\/"},{"@type":"ListItem","position":2,"name":"Mapa Web"}]},{"@type":"WebSite","@id":"https:\/\/www.plazaelysees.com\/es\/#website","url":"https:\/\/www.plazaelysees.com\/es\/","name":"Plaza Elys\u00e9es","description":"","potentialAction":[{"@type":"SearchAction","target":{"@type":"EntryPoint","urlTemplate":"https:\/\/www.plazaelysees.com\/es\/?s={search_term_string}"},"query-input":{"@type":"PropertyValueSpecification","valueRequired":true,"valueName":"search_term_string"}}],"inLanguage":"es"}]}},"acf":[],"_links":{"self":[{"href":"https:\/\/www.plazaelysees.com\/es\/wp-json\/wp\/v2\/pages\/209","targetHints":{"allow":["GET"]}}],"collection":[{"href":"https:\/\/www.plazaelysees.com\/es\/wp-json\/wp\/v2\/pages"}],"about":[{"href":"https:\/\/www.plazaelysees.com\/es\/wp-json\/wp\/v2\/types\/page"}],"author":[{"embeddable":true,"href":"https:\/\/www.plazaelysees.com\/es\/wp-json\/wp\/v2\/users\/16"}],"replies":[{"embeddable":true,"href":"https:\/\/www.plazaelysees.com\/es\/wp-json\/wp\/v2\/comments?post=209"}],"version-history":[{"count":0,"href":"https:\/\/www.plazaelysees.com\/es\/wp-json\/wp\/v2\/pages\/209\/revisions"}],"wp:attachment":[{"href":"https:\/\/www.plazaelysees.com\/es\/wp-json\/wp\/v2\/media?parent=209"}],"curies":[{"name":"wp","href":"https:\/\/api.w.org\/{rel}","templated":true}]}}